{"id":211,"date":"2016-10-29T15:38:02","date_gmt":"2016-10-29T12:38:02","guid":{"rendered":"http:\/\/www.villapandora.gr\/?page_id=211\/"},"modified":"2017-01-26T18:03:49","modified_gmt":"2017-01-26T16:03:49","slug":"location","status":"publish","type":"page","link":"https:\/\/villapandora.gr\/it\/location\/","title":{"rendered":"Posizione"},"content":{"rendered":"<h2 style=\"text-align: center;\">Mappa<\/h2>\n<p><iframe loading=\"lazy\" style=\"border: 0;\" src=\"https:\/\/www.google.com\/maps\/embed?pb=!1m14!1m8!1m3!1d12516.816199935256!2d20.726123!3d38.344259!3m2!1i1024!2i768!4f13.1!3m3!1m2!1s0x0%3A0x7b99ecd41ae4b983!2sVilla+Pandora+Apartments!5e0!3m2!1sen!2sgr!4v1481479735313\" width=\"100%\" height=\"350\" frameborder=\"0\" allowfullscreen=\"allowfullscreen\"><\/iframe><\/p>\n<p>Gli appartamenti della Villa Pandora si trovano in una posizione isolata nel cuore dell&#8217;isola di Itaca. Tuttavia, le nostre strutture si trovano a soli 2,3 km dal Vathi, la vivace capitale di Itaca, dove si trova il porto principale.<\/p>\n<h2>Distanze<\/h2>\n<ul>\n<li>2,3 km da Vathi, capoluogo di Itaca, dove potrete trovare ulteriori negozi, ristoranti, bar e tutti i tipi di servizi turistici<\/li>\n<li>5,9 km dal porto di Piso Aetos<\/li>\n<\/ul>\n<h2>Spiaggia Kaminiah<\/h2>\n<p>Le ville si trovano a 15 minuti di distanza, dalla spiaggia di Kaminia. La spiaggia non \u00e8 molto ben nota ai turisti e mantiene la sua bellezza naturale. Tradizionalmente, la spiaggia Kaminia viene frequentata dai residenti di Perachori, che \u00e8 il centro storico di Itaca. La strada che porta alla spiaggia \u00e8 comoda per le auto e ideale per le escursioni. La spiaggia \u00e8 sabbiosa con ciottoli e nelle acque cristalline troverete granchi, pesci e frutti di mare. Non vi nascondiamo, che \u00e8 il nostro luogo preferito dove passiamo la maggior parte del nostro tempo libero in estate!<\/p>\n<div id='gallery-1' class='gallery galleryid-211 gallery-columns-4 gallery-size-medium'><figure class='gallery-item'>\n\t\t\t<div class='gallery-icon landscape'>\n\t\t\t\t<a href='https:\/\/villapandora.gr\/book\/files\/2016\/12\/04-Kaminia-Beach.jpg'><img loading=\"lazy\" decoding=\"async\" width=\"300\" height=\"200\" src=\"https:\/\/villapandora.gr\/book\/files\/2016\/12\/04-Kaminia-Beach-300x200.jpg\" class=\"attachment-medium size-medium\" alt=\"\" srcset=\"https:\/\/villapandora.gr\/book\/files\/2016\/12\/04-Kaminia-Beach-300x200.jpg 300w, https:\/\/villapandora.gr\/book\/files\/2016\/12\/04-Kaminia-Beach-768x511.jpg 768w, https:\/\/villapandora.gr\/book\/files\/2016\/12\/04-Kaminia-Beach.jpg 1024w\" sizes=\"auto, (max-width: 300px) 100vw, 300px\" \/><\/a>\n\t\t\t<\/div><\/figure><figure class='gallery-item'>\n\t\t\t<div class='gallery-icon landscape'>\n\t\t\t\t<a href='https:\/\/villapandora.gr\/book\/files\/2016\/12\/03-Kaminia-Beach.jpg'><img loading=\"lazy\" decoding=\"async\" width=\"300\" height=\"200\" src=\"https:\/\/villapandora.gr\/book\/files\/2016\/12\/03-Kaminia-Beach-300x200.jpg\" class=\"attachment-medium size-medium\" alt=\"\" srcset=\"https:\/\/villapandora.gr\/book\/files\/2016\/12\/03-Kaminia-Beach-300x200.jpg 300w, https:\/\/villapandora.gr\/book\/files\/2016\/12\/03-Kaminia-Beach-768x511.jpg 768w, https:\/\/villapandora.gr\/book\/files\/2016\/12\/03-Kaminia-Beach.jpg 1024w\" sizes=\"auto, (max-width: 300px) 100vw, 300px\" \/><\/a>\n\t\t\t<\/div><\/figure><figure class='gallery-item'>\n\t\t\t<div class='gallery-icon landscape'>\n\t\t\t\t<a href='https:\/\/villapandora.gr\/book\/files\/2016\/12\/02-Kaminia-Beach.jpg'><img loading=\"lazy\" decoding=\"async\" width=\"300\" height=\"200\" src=\"https:\/\/villapandora.gr\/book\/files\/2016\/12\/02-Kaminia-Beach-300x200.jpg\" class=\"attachment-medium size-medium\" alt=\"\" srcset=\"https:\/\/villapandora.gr\/book\/files\/2016\/12\/02-Kaminia-Beach-300x200.jpg 300w, https:\/\/villapandora.gr\/book\/files\/2016\/12\/02-Kaminia-Beach-768x511.jpg 768w, https:\/\/villapandora.gr\/book\/files\/2016\/12\/02-Kaminia-Beach.jpg 1024w\" sizes=\"auto, (max-width: 300px) 100vw, 300px\" \/><\/a>\n\t\t\t<\/div><\/figure><figure class='gallery-item'>\n\t\t\t<div class='gallery-icon landscape'>\n\t\t\t\t<a href='https:\/\/villapandora.gr\/book\/files\/2016\/12\/01-Kaminia-Beach-Distant-View.jpg'><img loading=\"lazy\" decoding=\"async\" width=\"300\" height=\"200\" src=\"https:\/\/villapandora.gr\/book\/files\/2016\/12\/01-Kaminia-Beach-Distant-View-300x200.jpg\" class=\"attachment-medium size-medium\" alt=\"\" srcset=\"https:\/\/villapandora.gr\/book\/files\/2016\/12\/01-Kaminia-Beach-Distant-View-300x200.jpg 300w, https:\/\/villapandora.gr\/book\/files\/2016\/12\/01-Kaminia-Beach-Distant-View-768x511.jpg 768w, https:\/\/villapandora.gr\/book\/files\/2016\/12\/01-Kaminia-Beach-Distant-View.jpg 1024w\" sizes=\"auto, (max-width: 300px) 100vw, 300px\" \/><\/a>\n\t\t\t<\/div><\/figure>\n\t\t<\/div>\n\n<h2>L\u2019isola di Itaca<\/h2>\n<p>Itaca si trova nel Mar Ionio, ha una superficie di 45 miglia quadrate (120 chilometri quadrati) e una popolazione di poco pi\u00f9 di tre mila abitanti. Situata al largo della costa nord-orientale di Cefalonia e in vista della Grecia continentale. La capitale, Itaca o Vathi, ha uno dei pi\u00f9 grandi porti naturali del mondo. La Itaca moderna \u00e8 generalmente identificata con la Itaca di Omero, la patria di Ulisse, il cui il ritorno ritardato all\u2019isola \u00e8 uno degli elementi chiave della trama dell\u2019Odissea.<\/p>\n<div id='gallery-2' class='gallery galleryid-211 gallery-columns-4 gallery-size-medium'><figure class='gallery-item'>\n\t\t\t<div class='gallery-icon landscape'>\n\t\t\t\t<a href='https:\/\/villapandora.gr\/book\/files\/2016\/12\/08-Kioni-Village.jpg'><img loading=\"lazy\" decoding=\"async\" width=\"300\" height=\"200\" src=\"https:\/\/villapandora.gr\/book\/files\/2016\/12\/08-Kioni-Village-300x200.jpg\" class=\"attachment-medium size-medium\" alt=\"\" srcset=\"https:\/\/villapandora.gr\/book\/files\/2016\/12\/08-Kioni-Village-300x200.jpg 300w, https:\/\/villapandora.gr\/book\/files\/2016\/12\/08-Kioni-Village-768x511.jpg 768w, https:\/\/villapandora.gr\/book\/files\/2016\/12\/08-Kioni-Village.jpg 1024w\" sizes=\"auto, (max-width: 300px) 100vw, 300px\" \/><\/a>\n\t\t\t<\/div><\/figure><figure class='gallery-item'>\n\t\t\t<div class='gallery-icon landscape'>\n\t\t\t\t<a href='https:\/\/villapandora.gr\/book\/files\/2016\/12\/07-Ithaca-beach.jpg'><img loading=\"lazy\" decoding=\"async\" width=\"300\" height=\"200\" src=\"https:\/\/villapandora.gr\/book\/files\/2016\/12\/07-Ithaca-beach-300x200.jpg\" class=\"attachment-medium size-medium\" alt=\"\" srcset=\"https:\/\/villapandora.gr\/book\/files\/2016\/12\/07-Ithaca-beach-300x200.jpg 300w, https:\/\/villapandora.gr\/book\/files\/2016\/12\/07-Ithaca-beach-768x511.jpg 768w, https:\/\/villapandora.gr\/book\/files\/2016\/12\/07-Ithaca-beach.jpg 1024w\" sizes=\"auto, (max-width: 300px) 100vw, 300px\" \/><\/a>\n\t\t\t<\/div><\/figure><figure class='gallery-item'>\n\t\t\t<div class='gallery-icon landscape'>\n\t\t\t\t<a href='https:\/\/villapandora.gr\/book\/files\/2016\/12\/06-Picturesque-boat-in-Ithaca.jpg'><img loading=\"lazy\" decoding=\"async\" width=\"300\" height=\"200\" src=\"https:\/\/villapandora.gr\/book\/files\/2016\/12\/06-Picturesque-boat-in-Ithaca-300x200.jpg\" class=\"attachment-medium size-medium\" alt=\"\" srcset=\"https:\/\/villapandora.gr\/book\/files\/2016\/12\/06-Picturesque-boat-in-Ithaca-300x200.jpg 300w, https:\/\/villapandora.gr\/book\/files\/2016\/12\/06-Picturesque-boat-in-Ithaca-768x511.jpg 768w, https:\/\/villapandora.gr\/book\/files\/2016\/12\/06-Picturesque-boat-in-Ithaca.jpg 1024w\" sizes=\"auto, (max-width: 300px) 100vw, 300px\" \/><\/a>\n\t\t\t<\/div><\/figure><figure class='gallery-item'>\n\t\t\t<div class='gallery-icon landscape'>\n\t\t\t\t<a href='https:\/\/villapandora.gr\/book\/files\/2016\/12\/05-Ithaca-beach.jpg'><img loading=\"lazy\" decoding=\"async\" width=\"300\" height=\"200\" src=\"https:\/\/villapandora.gr\/book\/files\/2016\/12\/05-Ithaca-beach-300x200.jpg\" class=\"attachment-medium size-medium\" alt=\"\" srcset=\"https:\/\/villapandora.gr\/book\/files\/2016\/12\/05-Ithaca-beach-300x200.jpg 300w, https:\/\/villapandora.gr\/book\/files\/2016\/12\/05-Ithaca-beach-768x511.jpg 768w, https:\/\/villapandora.gr\/book\/files\/2016\/12\/05-Ithaca-beach.jpg 1024w\" sizes=\"auto, (max-width: 300px) 100vw, 300px\" \/><\/a>\n\t\t\t<\/div><\/figure><figure class='gallery-item'>\n\t\t\t<div class='gallery-icon landscape'>\n\t\t\t\t<a href='https:\/\/villapandora.gr\/book\/files\/2016\/12\/04-Ithaca-beach.jpg'><img loading=\"lazy\" decoding=\"async\" width=\"300\" height=\"200\" src=\"https:\/\/villapandora.gr\/book\/files\/2016\/12\/04-Ithaca-beach-300x200.jpg\" class=\"attachment-medium size-medium\" alt=\"\" srcset=\"https:\/\/villapandora.gr\/book\/files\/2016\/12\/04-Ithaca-beach-300x200.jpg 300w, https:\/\/villapandora.gr\/book\/files\/2016\/12\/04-Ithaca-beach-768x511.jpg 768w, https:\/\/villapandora.gr\/book\/files\/2016\/12\/04-Ithaca-beach.jpg 1024w\" sizes=\"auto, (max-width: 300px) 100vw, 300px\" \/><\/a>\n\t\t\t<\/div><\/figure><figure class='gallery-item'>\n\t\t\t<div class='gallery-icon landscape'>\n\t\t\t\t<a href='https:\/\/villapandora.gr\/book\/files\/2016\/12\/03-Olive-trees-in-Ithaca.jpg'><img loading=\"lazy\" decoding=\"async\" width=\"300\" height=\"200\" src=\"https:\/\/villapandora.gr\/book\/files\/2016\/12\/03-Olive-trees-in-Ithaca-300x200.jpg\" class=\"attachment-medium size-medium\" alt=\"\" srcset=\"https:\/\/villapandora.gr\/book\/files\/2016\/12\/03-Olive-trees-in-Ithaca-300x200.jpg 300w, https:\/\/villapandora.gr\/book\/files\/2016\/12\/03-Olive-trees-in-Ithaca-768x511.jpg 768w, https:\/\/villapandora.gr\/book\/files\/2016\/12\/03-Olive-trees-in-Ithaca.jpg 1024w\" sizes=\"auto, (max-width: 300px) 100vw, 300px\" \/><\/a>\n\t\t\t<\/div><\/figure><figure class='gallery-item'>\n\t\t\t<div class='gallery-icon landscape'>\n\t\t\t\t<a href='https:\/\/villapandora.gr\/book\/files\/2016\/12\/02-Vathy-harbor.jpg'><img loading=\"lazy\" decoding=\"async\" width=\"300\" height=\"200\" src=\"https:\/\/villapandora.gr\/book\/files\/2016\/12\/02-Vathy-harbor-300x200.jpg\" class=\"attachment-medium size-medium\" alt=\"\" srcset=\"https:\/\/villapandora.gr\/book\/files\/2016\/12\/02-Vathy-harbor-300x200.jpg 300w, https:\/\/villapandora.gr\/book\/files\/2016\/12\/02-Vathy-harbor-768x511.jpg 768w, https:\/\/villapandora.gr\/book\/files\/2016\/12\/02-Vathy-harbor.jpg 1024w\" sizes=\"auto, (max-width: 300px) 100vw, 300px\" \/><\/a>\n\t\t\t<\/div><\/figure><figure class='gallery-item'>\n\t\t\t<div class='gallery-icon landscape'>\n\t\t\t\t<a href='https:\/\/villapandora.gr\/book\/files\/2016\/12\/01-Vathy-port-distant-view.jpg'><img loading=\"lazy\" decoding=\"async\" width=\"300\" height=\"200\" src=\"https:\/\/villapandora.gr\/book\/files\/2016\/12\/01-Vathy-port-distant-view-300x200.jpg\" class=\"attachment-medium size-medium\" alt=\"\" srcset=\"https:\/\/villapandora.gr\/book\/files\/2016\/12\/01-Vathy-port-distant-view-300x200.jpg 300w, https:\/\/villapandora.gr\/book\/files\/2016\/12\/01-Vathy-port-distant-view-768x511.jpg 768w, https:\/\/villapandora.gr\/book\/files\/2016\/12\/01-Vathy-port-distant-view.jpg 1024w\" sizes=\"auto, (max-width: 300px) 100vw, 300px\" \/><\/a>\n\t\t\t<\/div><\/figure>\n\t\t<\/div>\n\n<h2>L\u2019accesso a Itaca<\/h2>\n<ul>\n<li>Autobus via Atene, Patrasso e Cefalonia (Per ulteriori informazioni chiamare il +30 210 5150785)<\/li>\n<li>Aereo da vari aeroporti europei (attraverso l\u2019aeroporto nazionale di Cefalonia)<\/li>\n<li>Traghetto da Patrasso, Cefalonia, Lefkada e Astakos (informazioni sulle partenze dei traghetti) (<a href=\"http:\/\/travel.viva.gr\/en\/ferries\" target=\"_blank\">informazioni sulle partenze dei traghetti<\/a>)<\/li>\n<\/ul>\n","protected":false},"excerpt":{"rendered":"<p>Mappa Gli appartamenti della Villa Pandora si trovano in una posizione isolata nel cuore dell&#8217;isola di Itaca. Tuttavia, le nostre strutture si trovano a soli 2,3 km dal Vathi, la vivace capitale di Itaca, dove si trova il porto principale. Distanze 2,3 km da Vathi, capoluogo di Itaca, dove potrete trovare ulteriori negozi, ristoranti, bar &#8230; <a title=\"Posizione\" class=\"read-more\" href=\"https:\/\/villapandora.gr\/it\/location\/\" aria-label=\"Per saperne di pi\u00f9 su Posizione\">Leggi tutto<\/a><\/p>\n","protected":false},"author":2,"featured_media":193,"parent":0,"menu_order":40,"comment_status":"closed","ping_status":"closed","template":"","meta":{"generate_page_header":"","footnotes":""},"class_list":["post-211","page","type-page","status-publish","has-post-thumbnail"],"yoast_head":"<!-- This site is optimized with the Yoast SEO plugin v27.3 - https:\/\/yoast.com\/product\/yoast-seo-wordpress\/ -->\n<title>Posizione - Villa Pandora Apartments, Ithaca, Greece<\/title>\n<meta name=\"robots\" content=\"index, follow, max-snippet:-1, max-image-preview:large, max-video-preview:-1\" \/>\n<link rel=\"canonical\" href=\"https:\/\/villapandora.gr\/it\/location\/\" \/>\n<meta property=\"og:locale\" content=\"it_IT\" \/>\n<meta property=\"og:type\" content=\"article\" \/>\n<meta property=\"og:title\" content=\"Posizione - Villa Pandora Apartments, Ithaca, Greece\" \/>\n<meta property=\"og:description\" content=\"Mappa Gli appartamenti della Villa Pandora si trovano in una posizione isolata nel cuore dell&#8217;isola di Itaca. Tuttavia, le nostre strutture si trovano a soli 2,3 km dal Vathi, la vivace capitale di Itaca, dove si trova il porto principale. Distanze 2,3 km da Vathi, capoluogo di Itaca, dove potrete trovare ulteriori negozi, ristoranti, bar ... Leggi tutto\" \/>\n<meta property=\"og:url\" content=\"https:\/\/villapandora.gr\/it\/location\/\" \/>\n<meta property=\"og:site_name\" content=\"Villa Pandora Apartments, Ithaca, Greece\" \/>\n<meta property=\"article:publisher\" content=\"https:\/\/www.facebook.com\/villapandoraapartments\" \/>\n<meta property=\"article:modified_time\" content=\"2017-01-26T16:03:49+00:00\" \/>\n<meta property=\"og:image\" content=\"https:\/\/villapandora.gr\/book\/files\/2016\/12\/01-Vathy-port-distant-view.jpg\" \/>\n\t<meta property=\"og:image:width\" content=\"1024\" \/>\n\t<meta property=\"og:image:height\" content=\"681\" \/>\n\t<meta property=\"og:image:type\" content=\"image\/jpeg\" \/>\n<meta name=\"twitter:card\" content=\"summary_large_image\" \/>\n<meta name=\"twitter:label1\" content=\"Tempo di lettura stimato\" \/>\n\t<meta name=\"twitter:data1\" content=\"2 minuti\" \/>\n<script type=\"application\/ld+json\" class=\"yoast-schema-graph\">{\"@context\":\"https:\\\/\\\/schema.org\",\"@graph\":[{\"@type\":\"WebPage\",\"@id\":\"https:\\\/\\\/villapandora.gr\\\/it\\\/location\\\/\",\"url\":\"https:\\\/\\\/villapandora.gr\\\/it\\\/location\\\/\",\"name\":\"Posizione - Villa Pandora Apartments, Ithaca, Greece\",\"isPartOf\":{\"@id\":\"https:\\\/\\\/villapandora.gr\\\/#website\"},\"primaryImageOfPage\":{\"@id\":\"https:\\\/\\\/villapandora.gr\\\/it\\\/location\\\/#primaryimage\"},\"image\":{\"@id\":\"https:\\\/\\\/villapandora.gr\\\/it\\\/location\\\/#primaryimage\"},\"thumbnailUrl\":\"https:\\\/\\\/villapandora.gr\\\/book\\\/files\\\/2016\\\/12\\\/01-Vathy-port-distant-view.jpg\",\"datePublished\":\"2016-10-29T12:38:02+00:00\",\"dateModified\":\"2017-01-26T16:03:49+00:00\",\"breadcrumb\":{\"@id\":\"https:\\\/\\\/villapandora.gr\\\/it\\\/location\\\/#breadcrumb\"},\"inLanguage\":\"it-IT\",\"potentialAction\":[{\"@type\":\"ReadAction\",\"target\":[\"https:\\\/\\\/villapandora.gr\\\/it\\\/location\\\/\"]}]},{\"@type\":\"ImageObject\",\"inLanguage\":\"it-IT\",\"@id\":\"https:\\\/\\\/villapandora.gr\\\/it\\\/location\\\/#primaryimage\",\"url\":\"https:\\\/\\\/villapandora.gr\\\/book\\\/files\\\/2016\\\/12\\\/01-Vathy-port-distant-view.jpg\",\"contentUrl\":\"https:\\\/\\\/villapandora.gr\\\/book\\\/files\\\/2016\\\/12\\\/01-Vathy-port-distant-view.jpg\",\"width\":1024,\"height\":681},{\"@type\":\"BreadcrumbList\",\"@id\":\"https:\\\/\\\/villapandora.gr\\\/it\\\/location\\\/#breadcrumb\",\"itemListElement\":[{\"@type\":\"ListItem\",\"position\":1,\"name\":\"\",\"item\":\"https:\\\/\\\/villapandora.gr\\\/it\\\/\"},{\"@type\":\"ListItem\",\"position\":2,\"name\":\"Posizione\"}]},{\"@type\":\"WebSite\",\"@id\":\"https:\\\/\\\/villapandora.gr\\\/#website\",\"url\":\"https:\\\/\\\/villapandora.gr\\\/\",\"name\":\"Villa Pandora Apartments, Ithaca, Greece\",\"description\":\"\",\"publisher\":{\"@id\":\"https:\\\/\\\/villapandora.gr\\\/#organization\"},\"potentialAction\":[{\"@type\":\"SearchAction\",\"target\":{\"@type\":\"EntryPoint\",\"urlTemplate\":\"https:\\\/\\\/villapandora.gr\\\/?s={search_term_string}\"},\"query-input\":{\"@type\":\"PropertyValueSpecification\",\"valueRequired\":true,\"valueName\":\"search_term_string\"}}],\"inLanguage\":\"it-IT\"},{\"@type\":\"Organization\",\"@id\":\"https:\\\/\\\/villapandora.gr\\\/#organization\",\"name\":\"Villa Pandora Apartments\",\"url\":\"https:\\\/\\\/villapandora.gr\\\/\",\"logo\":{\"@type\":\"ImageObject\",\"inLanguage\":\"it-IT\",\"@id\":\"https:\\\/\\\/villapandora.gr\\\/#\\\/schema\\\/logo\\\/image\\\/\",\"url\":\"https:\\\/\\\/villapandora.gr\\\/book\\\/files\\\/2016\\\/12\\\/villa-pandora-logo.png\",\"contentUrl\":\"https:\\\/\\\/villapandora.gr\\\/book\\\/files\\\/2016\\\/12\\\/villa-pandora-logo.png\",\"width\":350,\"height\":350,\"caption\":\"Villa Pandora Apartments\"},\"image\":{\"@id\":\"https:\\\/\\\/villapandora.gr\\\/#\\\/schema\\\/logo\\\/image\\\/\"},\"sameAs\":[\"https:\\\/\\\/www.facebook.com\\\/villapandoraapartments\"]}]}<\/script>\n<!-- \/ Yoast SEO plugin. -->","yoast_head_json":{"title":"Posizione - Villa Pandora Apartments, Ithaca, Greece","robots":{"index":"index","follow":"follow","max-snippet":"max-snippet:-1","max-image-preview":"max-image-preview:large","max-video-preview":"max-video-preview:-1"},"canonical":"https:\/\/villapandora.gr\/it\/location\/","og_locale":"it_IT","og_type":"article","og_title":"Posizione - Villa Pandora Apartments, Ithaca, Greece","og_description":"Mappa Gli appartamenti della Villa Pandora si trovano in una posizione isolata nel cuore dell&#8217;isola di Itaca. Tuttavia, le nostre strutture si trovano a soli 2,3 km dal Vathi, la vivace capitale di Itaca, dove si trova il porto principale. Distanze 2,3 km da Vathi, capoluogo di Itaca, dove potrete trovare ulteriori negozi, ristoranti, bar ... Leggi tutto","og_url":"https:\/\/villapandora.gr\/it\/location\/","og_site_name":"Villa Pandora Apartments, Ithaca, Greece","article_publisher":"https:\/\/www.facebook.com\/villapandoraapartments","article_modified_time":"2017-01-26T16:03:49+00:00","og_image":[{"width":1024,"height":681,"url":"https:\/\/villapandora.gr\/book\/files\/2016\/12\/01-Vathy-port-distant-view.jpg","type":"image\/jpeg"}],"twitter_card":"summary_large_image","twitter_misc":{"Tempo di lettura stimato":"2 minuti"},"schema":{"@context":"https:\/\/schema.org","@graph":[{"@type":"WebPage","@id":"https:\/\/villapandora.gr\/it\/location\/","url":"https:\/\/villapandora.gr\/it\/location\/","name":"Posizione - Villa Pandora Apartments, Ithaca, Greece","isPartOf":{"@id":"https:\/\/villapandora.gr\/#website"},"primaryImageOfPage":{"@id":"https:\/\/villapandora.gr\/it\/location\/#primaryimage"},"image":{"@id":"https:\/\/villapandora.gr\/it\/location\/#primaryimage"},"thumbnailUrl":"https:\/\/villapandora.gr\/book\/files\/2016\/12\/01-Vathy-port-distant-view.jpg","datePublished":"2016-10-29T12:38:02+00:00","dateModified":"2017-01-26T16:03:49+00:00","breadcrumb":{"@id":"https:\/\/villapandora.gr\/it\/location\/#breadcrumb"},"inLanguage":"it-IT","potentialAction":[{"@type":"ReadAction","target":["https:\/\/villapandora.gr\/it\/location\/"]}]},{"@type":"ImageObject","inLanguage":"it-IT","@id":"https:\/\/villapandora.gr\/it\/location\/#primaryimage","url":"https:\/\/villapandora.gr\/book\/files\/2016\/12\/01-Vathy-port-distant-view.jpg","contentUrl":"https:\/\/villapandora.gr\/book\/files\/2016\/12\/01-Vathy-port-distant-view.jpg","width":1024,"height":681},{"@type":"BreadcrumbList","@id":"https:\/\/villapandora.gr\/it\/location\/#breadcrumb","itemListElement":[{"@type":"ListItem","position":1,"name":"","item":"https:\/\/villapandora.gr\/it\/"},{"@type":"ListItem","position":2,"name":"Posizione"}]},{"@type":"WebSite","@id":"https:\/\/villapandora.gr\/#website","url":"https:\/\/villapandora.gr\/","name":"Villa Pandora Apartments, Ithaca, Greece","description":"","publisher":{"@id":"https:\/\/villapandora.gr\/#organization"},"potentialAction":[{"@type":"SearchAction","target":{"@type":"EntryPoint","urlTemplate":"https:\/\/villapandora.gr\/?s={search_term_string}"},"query-input":{"@type":"PropertyValueSpecification","valueRequired":true,"valueName":"search_term_string"}}],"inLanguage":"it-IT"},{"@type":"Organization","@id":"https:\/\/villapandora.gr\/#organization","name":"Villa Pandora Apartments","url":"https:\/\/villapandora.gr\/","logo":{"@type":"ImageObject","inLanguage":"it-IT","@id":"https:\/\/villapandora.gr\/#\/schema\/logo\/image\/","url":"https:\/\/villapandora.gr\/book\/files\/2016\/12\/villa-pandora-logo.png","contentUrl":"https:\/\/villapandora.gr\/book\/files\/2016\/12\/villa-pandora-logo.png","width":350,"height":350,"caption":"Villa Pandora Apartments"},"image":{"@id":"https:\/\/villapandora.gr\/#\/schema\/logo\/image\/"},"sameAs":["https:\/\/www.facebook.com\/villapandoraapartments"]}]}},"_links":{"self":[{"href":"https:\/\/villapandora.gr\/it\/wp-json\/wp\/v2\/pages\/211","targetHints":{"allow":["GET"]}}],"collection":[{"href":"https:\/\/villapandora.gr\/it\/wp-json\/wp\/v2\/pages"}],"about":[{"href":"https:\/\/villapandora.gr\/it\/wp-json\/wp\/v2\/types\/page"}],"author":[{"embeddable":true,"href":"https:\/\/villapandora.gr\/it\/wp-json\/wp\/v2\/users\/2"}],"replies":[{"embeddable":true,"href":"https:\/\/villapandora.gr\/it\/wp-json\/wp\/v2\/comments?post=211"}],"version-history":[{"count":0,"href":"https:\/\/villapandora.gr\/it\/wp-json\/wp\/v2\/pages\/211\/revisions"}],"wp:featuredmedia":[{"embeddable":true,"href":"https:\/\/villapandora.gr\/it\/wp-json\/wp\/v2\/media\/193"}],"wp:attachment":[{"href":"https:\/\/villapandora.gr\/it\/wp-json\/wp\/v2\/media?parent=211"}],"curies":[{"name":"wp","href":"https:\/\/api.w.org\/{rel}","templated":true}]}}